{"id":8,"date":"2022-08-31T07:07:56","date_gmt":"2022-08-31T07:07:56","guid":{"rendered":"https:\/\/anschutz.fr\/?page_id=8"},"modified":"2022-08-31T09:58:27","modified_gmt":"2022-08-31T09:58:27","slug":"accueil","status":"publish","type":"page","link":"https:\/\/anschutz.fr\/","title":{"rendered":"Accueil"},"content":{"rendered":"\n<div class=\"wp-block-cover alignfull is-light\" style=\"min-height:700px\"><span aria-hidden=\"true\" class=\"wp-block-cover__background has-background-dim-0 has-background-dim\"><\/span><img class=\"wp-block-cover__image-background\" alt=\"\" src=\"https:\/\/anschutz.fr\/wp-content\/themes\/neve\/assets\/img\/starter-content\/hero.jpg\" style=\"object-position:50% 64%\" data-object-fit=\"cover\" data-object-position=\"50% 64%\"\/><div class=\"wp-block-cover__inner-container\">\n<div style=\"height:80px\" aria-hidden=\"true\" class=\"wp-block-spacer\"><\/div>\n\n\n\n<h1 class=\"has-text-align-center has-text-color\" style=\"color:#121212\">D\u00e9couvrez toute la gamme chasse de Anschutz <\/h1>\n\n\n\n<p class=\"has-text-align-center has-text-color\" style=\"color:#121212;font-size:17px\">Profit\u00e9 de notre vitrine pour d\u00e9couvrir toutes les configurations des fusils de chasse Anschutz<\/p>\n\n\n\n<div class=\"wp-container-1 is-content-justification-center wp-block-buttons\">\n<div class=\"wp-block-button is-style-primary\"><a class=\"wp-block-button__link has-nv-light-bg-color has-nv-c-1-background-color has-text-color has-background\" href=\"#\">Vitrine<\/a><\/div>\n\n\n\n<div class=\"wp-block-button is-style-secondary\"><a class=\"wp-block-button__link\" href=\"https:\/\/demosites.io\/\" target=\"_blank\" rel=\"noreferrer noopener\">Devis<\/a><\/div>\n<\/div>\n\n\n\n<div style=\"height:80px\" aria-hidden=\"true\" class=\"wp-block-spacer\"><\/div>\n\n\n\n<div style=\"height:80px\" aria-hidden=\"true\" class=\"wp-block-spacer\"><\/div>\n<\/div><\/div>\n\n\n\n<div style=\"height:80px\" aria-hidden=\"true\" class=\"wp-block-spacer\"><\/div>\n\n\n\n<div class=\"wp-container-5 wp-block-columns\">\n<div class=\"wp-container-2 wp-block-column\"><div class=\"wp-block-image icon-style is-style-default\">\n<figure class=\"aligncenter is-resized\"><img loading=\"lazy\" src=\"https:\/\/anschutz.fr\/wp-content\/themes\/neve\/assets\/img\/starter-content\/icon-03.svg\" alt=\"\" width=\"67\" height=\"67\"\/><\/figure><\/div>\n\n\n<h3 class=\"has-text-align-center has-neve-text-color-color has-text-color\">Un devis transparent <\/h3>\n\n\n\n<p class=\"has-text-align-center\">Notre devis sera complet est sans frais dissimul\u00e9. Un \u00e9change en toute transparence sera effectu\u00e9 avec vous. <\/p>\n\n\n\n<div style=\"height:20px\" aria-hidden=\"true\" class=\"wp-block-spacer\"><\/div>\n<\/div>\n\n\n\n<div class=\"wp-container-3 wp-block-column\"><div class=\"wp-block-image icon-style is-style-default\">\n<figure class=\"aligncenter size-thumbnail is-resized\"><img loading=\"lazy\" src=\"https:\/\/anschutz.fr\/wp-content\/uploads\/2022\/08\/icone-noire-de-camion-d-expedition-et-de-livraison-150x150.png\" alt=\"\" class=\"wp-image-55\" width=\"-116\" height=\"-116\" srcset=\"https:\/\/anschutz.fr\/wp-content\/uploads\/2022\/08\/icone-noire-de-camion-d-expedition-et-de-livraison-150x150.png 150w, https:\/\/anschutz.fr\/wp-content\/uploads\/2022\/08\/icone-noire-de-camion-d-expedition-et-de-livraison-300x300.png 300w, https:\/\/anschutz.fr\/wp-content\/uploads\/2022\/08\/icone-noire-de-camion-d-expedition-et-de-livraison.png 512w\" sizes=\"(max-width: 150px) 100vw, 150px\" \/><\/figure><\/div>\n\n\n<h3 class=\"has-text-align-center has-neve-text-color-color has-text-color\">Livraison rapide et s\u00e9curis\u00e9<\/h3>\n\n\n\n<p class=\"has-text-align-center\">Une assurance suppl\u00e9mentaire pour la r\u00e9ception de votre mat\u00e9riel directement chez vous. <\/p>\n\n\n\n<div style=\"height:20px\" aria-hidden=\"true\" class=\"wp-block-spacer\"><\/div>\n<\/div>\n\n\n\n<div class=\"wp-container-4 wp-block-column\"><div class=\"wp-block-image icon-style is-style-default\">\n<figure class=\"aligncenter size-thumbnail is-resized\"><img loading=\"lazy\" src=\"https:\/\/anschutz.fr\/wp-content\/uploads\/2022\/08\/876788-150x150.png\" alt=\"\" class=\"wp-image-56\" width=\"69\" height=\"69\" srcset=\"https:\/\/anschutz.fr\/wp-content\/uploads\/2022\/08\/876788-150x150.png 150w, https:\/\/anschutz.fr\/wp-content\/uploads\/2022\/08\/876788-300x300.png 300w, https:\/\/anschutz.fr\/wp-content\/uploads\/2022\/08\/876788.png 512w\" sizes=\"(max-width: 69px) 100vw, 69px\" \/><\/figure><\/div>\n\n\n<h3 class=\"has-text-align-center has-neve-text-color-color has-text-color\">Un SAV local <\/h3>\n\n\n\n<p class=\"has-text-align-center\">Tout le service apr\u00e8s ventes se fait au seins de la soci\u00e9t\u00e9 Recht qui accumule l&rsquo;exp\u00e9rience ad\u00e9quate pour s&rsquo;occuper de votre mat\u00e9riel. <\/p>\n\n\n\n<div style=\"height:20px\" aria-hidden=\"true\" class=\"wp-block-spacer\"><\/div>\n<\/div>\n<\/div>\n\n\n\n<div class=\"wp-block-cover alignfull\" style=\"min-height:784px\"><span aria-hidden=\"true\" class=\"wp-block-cover__background has-nv-light-bg-background-color has-background-dim-100 has-background-dim\"><\/span><div class=\"wp-block-cover__inner-container\">\n<div class=\"wp-container-10 wp-block-group\"><div class=\"wp-block-group__inner-container\">\n<div style=\"height:80px\" aria-hidden=\"true\" class=\"wp-block-spacer\"><\/div>\n\n\n\n<div class=\"wp-container-9 wp-block-columns are-vertically-aligned-center\">\n<div class=\"wp-container-6 wp-block-column is-vertically-aligned-center\" style=\"flex-basis:50%\">\n<figure class=\"wp-block-image\"><img src=\"https:\/\/anschutz.fr\/wp-content\/themes\/neve\/assets\/img\/starter-content\/card-05.jpg\" alt=\"\"\/><\/figure>\n<\/div>\n\n\n\n<div class=\"wp-container-8 wp-block-column is-vertically-aligned-center\" style=\"flex-basis:50%\">\n<div style=\"height:20px\" aria-hidden=\"true\" class=\"wp-block-spacer\"><\/div>\n\n\n\n<h2 class=\"has-text-align-left has-neve-text-color-color has-text-color\">Partenaire de l&rsquo;armurerie Recht<\/h2>\n\n\n\n<p class=\"has-text-align-left has-neve-text-color-color has-text-color\" style=\"font-size:17px\">Importateur depuis plus de 30 ans pour les produits Anschutz l&rsquo;armurerie Recht sera en charge de vos commandes concernant vos armes de chasse Anschutz.<\/p>\n\n\n\n<div class=\"wp-container-7 is-content-justification-left wp-block-buttons\">\n<div class=\"wp-block-button is-style-primary\"><a class=\"wp-block-button__link has-nv-c-1-background-color has-background\" href=\"http:\/\/recht.fr\">En savoir plus <\/a><\/div>\n<\/div>\n<\/div>\n<\/div>\n\n\n\n<div style=\"height:40px\" aria-hidden=\"true\" class=\"wp-block-spacer\"><\/div>\n<\/div><\/div>\n<\/div><\/div>\n\n\n\n<div class=\"wp-block-cover alignfull\" style=\"min-height:600px\"><span aria-hidden=\"true\" class=\"wp-block-cover__background has-nv-light-bg-background-color has-background-dim-100 has-background-dim\"><\/span><div class=\"wp-block-cover__inner-container\">\n<div class=\"wp-container-15 wp-block-group\"><div class=\"wp-block-group__inner-container\">\n<div style=\"height:80px\" aria-hidden=\"true\" class=\"wp-block-spacer\"><\/div>\n\n\n\n<div class=\"wp-container-14 wp-block-columns are-vertically-aligned-center\">\n<div class=\"wp-container-12 wp-block-column is-vertically-aligned-center\" style=\"flex-basis:50%\">\n<h2 class=\"has-text-align-left has-neve-text-color-color has-text-color\">abcShooting&rsquo;s <\/h2>\n\n\n\n<p class=\"has-text-align-left has-neve-text-color-color has-text-color\" style=\"font-size:17px\">Notre deuxi\u00e8me revendeur sp\u00e9cialis\u00e9 dans le domaine de la comp\u00e9tition sportive du tir. Vous pourrez retrouv\u00e9 leur catalogue sur leur site.<\/p>\n\n\n\n<div class=\"wp-container-11 is-content-justification-left wp-block-buttons\">\n<div class=\"wp-block-button is-style-primary\"><a class=\"wp-block-button__link has-nv-c-1-background-color has-background\" href=\"http:\/\/abcshootings.com\" target=\"_blank\" rel=\"noreferrer noopener\">En savoir plus<\/a><\/div>\n<\/div>\n\n\n\n<div style=\"height:40px\" aria-hidden=\"true\" class=\"wp-block-spacer\"><\/div>\n<\/div>\n\n\n\n<div class=\"wp-container-13 wp-block-column is-vertically-aligned-center\" style=\"flex-basis:50%\">\n<figure class=\"wp-block-image\"><img src=\"https:\/\/anschutz.fr\/wp-content\/themes\/neve\/assets\/img\/starter-content\/card-04.jpg\" alt=\"\"\/><\/figure>\n<\/div>\n<\/div>\n\n\n\n<div style=\"height:40px\" aria-hidden=\"true\" class=\"wp-block-spacer\"><\/div>\n<\/div><\/div>\n<\/div><\/div>\n\n\n\n<div class=\"wp-block-cover alignfull\" style=\"min-height:600px\"><span aria-hidden=\"true\" class=\"wp-block-cover__background has-nv-light-bg-background-color has-background-dim-100 has-background-dim\"><\/span><div class=\"wp-block-cover__inner-container\">\n<div class=\"wp-container-20 wp-block-group\"><div class=\"wp-block-group__inner-container\">\n<div style=\"height:80px\" aria-hidden=\"true\" class=\"wp-block-spacer\"><\/div>\n\n\n\n<div class=\"wp-container-19 wp-block-columns are-vertically-aligned-center\">\n<div class=\"wp-container-16 wp-block-column is-vertically-aligned-center\" style=\"flex-basis:50%\">\n<figure class=\"wp-block-image size-full\"><img loading=\"lazy\" width=\"1024\" height=\"512\" src=\"https:\/\/anschutz.fr\/wp-content\/uploads\/2022\/08\/Teaser-Slider-Startseite-1782_V2-1024x512-1-1.png\" alt=\"\" class=\"wp-image-48\" srcset=\"https:\/\/anschutz.fr\/wp-content\/uploads\/2022\/08\/Teaser-Slider-Startseite-1782_V2-1024x512-1-1.png 1024w, https:\/\/anschutz.fr\/wp-content\/uploads\/2022\/08\/Teaser-Slider-Startseite-1782_V2-1024x512-1-1-300x150.png 300w, https:\/\/anschutz.fr\/wp-content\/uploads\/2022\/08\/Teaser-Slider-Startseite-1782_V2-1024x512-1-1-768x384.png 768w\" sizes=\"(max-width: 1024px) 100vw, 1024px\" \/><\/figure>\n<\/div>\n\n\n\n<div class=\"wp-container-18 wp-block-column is-vertically-aligned-center has-nv-light-bg-background-color has-background\" style=\"flex-basis:50%\">\n<div style=\"height:40px\" aria-hidden=\"true\" class=\"wp-block-spacer\"><\/div>\n\n\n\n<h2 class=\"has-text-align-left has-nv-dark-bg-color has-text-color\">Anschutz depuis 1856<\/h2>\n\n\n\n<p class=\"has-text-align-left has-nv-dark-bg-color has-text-color\" style=\"font-size:17px\">Anschutz produit du mat\u00e9riel de chasse depuis maintenant 1856, c&rsquo;est donc avec confiance que leurs produits continue d&rsquo;\u00e9volu\u00e9s vers une qualit\u00e9 sup\u00e9rieure. <\/p>\n\n\n\n<div class=\"wp-container-17 is-content-justification-left wp-block-buttons\">\n<div class=\"wp-block-button is-style-primary\"><a class=\"wp-block-button__link has-nv-c-1-background-color has-background\" href=\"https:\/\/www.anschuetz-sport.com\/en\/jagd\/\">En savoir plus<\/a><\/div>\n<\/div>\n<\/div>\n<\/div>\n\n\n\n<div style=\"height:40px\" aria-hidden=\"true\" class=\"wp-block-spacer\"><\/div>\n<\/div><\/div>\n<\/div><\/div>\n\n\n\n<div style=\"height:40px\" aria-hidden=\"true\" class=\"wp-block-spacer\"><\/div>\n\n\n\n<div class=\"wp-block-cover alignfull\" style=\"min-height:600px\"><span aria-hidden=\"true\" class=\"wp-block-cover__background has-neve-link-color-background-color has-background-dim-100 has-background-dim\"><\/span><div class=\"wp-block-cover__inner-container\">\n<div class=\"wp-container-24 wp-block-group\"><div class=\"wp-block-group__inner-container\">\n<div style=\"height:0px\" aria-hidden=\"true\" class=\"wp-block-spacer\"><\/div>\n\n\n\n<h2 class=\"has-nv-light-bg-color has-neve-link-color-background-color has-text-color has-background\">Anschutz Chasse en image<\/h2>\n\n\n\n<div style=\"height:20px\" aria-hidden=\"true\" class=\"wp-block-spacer\"><\/div>\n\n\n\n<div class=\"wp-container-23 wp-block-columns are-vertically-aligned-center\">\n<div class=\"wp-container-21 wp-block-column is-vertically-aligned-center\" style=\"flex-basis:50%\">\n<figure class=\"wp-block-image size-large\"><img loading=\"lazy\" width=\"1024\" height=\"512\" src=\"https:\/\/anschutz.fr\/wp-content\/uploads\/2022\/08\/Teaser-Startseite-1761-1-1024x512.png\" alt=\"\" class=\"wp-image-41\" srcset=\"https:\/\/anschutz.fr\/wp-content\/uploads\/2022\/08\/Teaser-Startseite-1761-1-1024x512.png 1024w, https:\/\/anschutz.fr\/wp-content\/uploads\/2022\/08\/Teaser-Startseite-1761-1-300x150.png 300w, https:\/\/anschutz.fr\/wp-content\/uploads\/2022\/08\/Teaser-Startseite-1761-1-768x384.png 768w, https:\/\/anschutz.fr\/wp-content\/uploads\/2022\/08\/Teaser-Startseite-1761-1-1536x768.png 1536w, https:\/\/anschutz.fr\/wp-content\/uploads\/2022\/08\/Teaser-Startseite-1761-1.png 2000w\" sizes=\"(max-width: 1024px) 100vw, 1024px\" \/><\/figure>\n\n\n\n<figure class=\"wp-block-image size-large\"><img loading=\"lazy\" width=\"1024\" height=\"512\" src=\"https:\/\/anschutz.fr\/wp-content\/uploads\/2022\/08\/Teaser-Startseite-Jagd-2-1-1-1024x512.png\" alt=\"\" class=\"wp-image-45\" srcset=\"https:\/\/anschutz.fr\/wp-content\/uploads\/2022\/08\/Teaser-Startseite-Jagd-2-1-1-1024x512.png 1024w, https:\/\/anschutz.fr\/wp-content\/uploads\/2022\/08\/Teaser-Startseite-Jagd-2-1-1-300x150.png 300w, https:\/\/anschutz.fr\/wp-content\/uploads\/2022\/08\/Teaser-Startseite-Jagd-2-1-1-768x384.png 768w, https:\/\/anschutz.fr\/wp-content\/uploads\/2022\/08\/Teaser-Startseite-Jagd-2-1-1-1536x768.png 1536w, https:\/\/anschutz.fr\/wp-content\/uploads\/2022\/08\/Teaser-Startseite-Jagd-2-1-1.png 2000w\" sizes=\"(max-width: 1024px) 100vw, 1024px\" \/><\/figure>\n\n\n\n<div style=\"height:40px\" aria-hidden=\"true\" class=\"wp-block-spacer\"><\/div>\n<\/div>\n\n\n\n<div class=\"wp-container-22 wp-block-column is-vertically-aligned-center\" style=\"flex-basis:50%\">\n<figure class=\"wp-block-image size-large\"><img loading=\"lazy\" width=\"1024\" height=\"512\" src=\"https:\/\/anschutz.fr\/wp-content\/uploads\/2022\/08\/Teaser-Startseite-1771-1024x512.png\" alt=\"\" class=\"wp-image-43\" srcset=\"https:\/\/anschutz.fr\/wp-content\/uploads\/2022\/08\/Teaser-Startseite-1771-1024x512.png 1024w, https:\/\/anschutz.fr\/wp-content\/uploads\/2022\/08\/Teaser-Startseite-1771-300x150.png 300w, https:\/\/anschutz.fr\/wp-content\/uploads\/2022\/08\/Teaser-Startseite-1771-768x384.png 768w, https:\/\/anschutz.fr\/wp-content\/uploads\/2022\/08\/Teaser-Startseite-1771-1536x768.png 1536w, https:\/\/anschutz.fr\/wp-content\/uploads\/2022\/08\/Teaser-Startseite-1771.png 2000w\" sizes=\"(max-width: 1024px) 100vw, 1024px\" \/><\/figure>\n\n\n\n<figure class=\"wp-block-image size-full\"><img loading=\"lazy\" width=\"1024\" height=\"512\" src=\"https:\/\/anschutz.fr\/wp-content\/uploads\/2022\/08\/Teaser-Slider-Startseite-1761-_V2-1024x512-1.png\" alt=\"\" class=\"wp-image-52\" srcset=\"https:\/\/anschutz.fr\/wp-content\/uploads\/2022\/08\/Teaser-Slider-Startseite-1761-_V2-1024x512-1.png 1024w, https:\/\/anschutz.fr\/wp-content\/uploads\/2022\/08\/Teaser-Slider-Startseite-1761-_V2-1024x512-1-300x150.png 300w, https:\/\/anschutz.fr\/wp-content\/uploads\/2022\/08\/Teaser-Slider-Startseite-1761-_V2-1024x512-1-768x384.png 768w\" sizes=\"(max-width: 1024px) 100vw, 1024px\" \/><\/figure>\n\n\n\n<div style=\"height:40px\" aria-hidden=\"true\" class=\"wp-block-spacer\"><\/div>\n<\/div>\n<\/div>\n\n\n\n<div style=\"height:0px\" aria-hidden=\"true\" class=\"wp-block-spacer\"><\/div>\n<\/div><\/div>\n<\/div><\/div>\n\n\n\n<div class=\"wp-block-cover alignfull\" style=\"min-height:420px\"><span aria-hidden=\"true\" class=\"wp-block-cover__background has-nv-light-bg-background-color has-background-dim-100 has-background-dim\"><\/span><div class=\"wp-block-cover__inner-container\">\n<div style=\"height:80px\" aria-hidden=\"true\" class=\"wp-block-spacer\"><\/div>\n\n\n\n<div class=\"wp-container-28 wp-block-columns\">\n<div class=\"wp-container-25 wp-block-column\">\n<p class=\"has-text-align-left has-neve-text-color-color has-text-color has-normal-font-size\">\u201cDes canons d&rsquo;une qualit\u00e9 irr\u00e9prochable et des crosses parfaites pour la pratique de la chasse. \u201d<\/p>\n\n\n\n<p class=\"has-neve-text-color-color has-text-color\">Bernard DUBOIS<\/p>\n\n\n\n<div style=\"height:20px\" aria-hidden=\"true\" class=\"wp-block-spacer\"><\/div>\n<\/div>\n\n\n\n<div class=\"wp-container-26 wp-block-column\">\n<p class=\"has-text-align-left has-neve-text-color-color has-text-color has-normal-font-size\">\u201cY&rsquo;a les bons et les mauvais chasseurs et la on est chez les bons ! \u201d<\/p>\n\n\n\n<p class=\"has-neve-text-color-color has-text-color\">Robert DUVAL<\/p>\n\n\n\n<div style=\"height:20px\" aria-hidden=\"true\" class=\"wp-block-spacer\"><\/div>\n<\/div>\n\n\n\n<div class=\"wp-container-27 wp-block-column\">\n<p class=\"has-text-align-left has-neve-text-color-color has-text-color has-normal-font-size\">\u201cUne \u00e9quipe au top disponible pour vous aidez \u00e0 s\u00e9lectionn\u00e9 le mod\u00e8le id\u00e9al.  \u201d<\/p>\n\n\n\n<p class=\"has-neve-text-color-color has-text-color\">Cl\u00e9ment HUBERT<\/p>\n\n\n\n<div style=\"height:20px\" aria-hidden=\"true\" class=\"wp-block-spacer\"><\/div>\n<\/div>\n<\/div>\n\n\n\n<div style=\"height:30px\" aria-hidden=\"true\" class=\"wp-block-spacer\"><\/div>\n<\/div><\/div>\n\n\n\n<div class=\"wp-block-cover alignfull\" style=\"min-height:300px\"><span aria-hidden=\"true\" class=\"wp-block-cover__background has-nv-dark-bg-background-color has-background-dim-100 has-background-dim\"><\/span><div class=\"wp-block-cover__inner-container\">\n<div style=\"height:140px\" aria-hidden=\"true\" class=\"wp-block-spacer\"><\/div>\n\n\n\n<h2 class=\"has-text-align-center has-nv-text-dark-bg-color has-text-color\">Demander un devis <\/h2>\n\n\n\n<p class=\"has-text-align-center has-medium-font-size\">Pour pouvoir passer votre commande, contacter nous avec la r\u00e9f\u00e9rence du mod\u00e8le souhait\u00e9 nous proc\u00e9derons \u00e0 l&rsquo;envoie d&rsquo;un devis complet au plus vite.<\/p>\n\n\n\n<div class=\"wp-container-29 is-content-justification-center wp-block-buttons\">\n<div class=\"wp-block-button is-style-primary\"><a class=\"wp-block-button__link has-nv-c-1-background-color has-background\" href=\"https:\/\/anschutz.fr\/?page_id=10\">Demander un Devis<\/a><\/div>\n<\/div>\n\n\n\n<div style=\"height:140px\" aria-hidden=\"true\" class=\"wp-block-spacer\"><\/div>\n<\/div><\/div>\n","protected":false},"excerpt":{"rendered":"<p>Un devis transparent Notre devis sera complet est sans frais dissimul\u00e9. Un \u00e9change en toute transparence sera effectu\u00e9 avec vous. Livraison rapide et s\u00e9curis\u00e9 Une assurance suppl\u00e9mentaire pour la r\u00e9ception de votre mat\u00e9riel directement chez vous. Un SAV local Tout le service apr\u00e8s ventes se fait au seins de la soci\u00e9t\u00e9 Recht qui accumule l&rsquo;exp\u00e9rience&hellip;&nbsp;<a href=\"https:\/\/anschutz.fr\/\" class=\"\" rel=\"bookmark\">Lire la suite &raquo;<span class=\"screen-reader-text\">Accueil<\/span><\/a><\/p>\n","protected":false},"author":1,"featured_media":0,"parent":0,"menu_order":0,"comment_status":"closed","ping_status":"closed","template":"","meta":{"om_disable_all_campaigns":false,"_monsterinsights_skip_tracking":false,"_monsterinsights_sitenote_active":false,"_monsterinsights_sitenote_note":"","_monsterinsights_sitenote_category":0,"neve_meta_sidebar":"","neve_meta_container":"","neve_meta_enable_content_width":"on","neve_meta_content_width":100,"neve_meta_title_alignment":"","neve_meta_author_avatar":"","neve_post_elements_order":"","neve_meta_disable_header":"","neve_meta_disable_footer":"","neve_meta_disable_title":"on"},"aioseo_notices":[],"_links":{"self":[{"href":"https:\/\/anschutz.fr\/index.php?rest_route=\/wp\/v2\/pages\/8"}],"collection":[{"href":"https:\/\/anschutz.fr\/index.php?rest_route=\/wp\/v2\/pages"}],"about":[{"href":"https:\/\/anschutz.fr\/index.php?rest_route=\/wp\/v2\/types\/page"}],"author":[{"embeddable":true,"href":"https:\/\/anschutz.fr\/index.php?rest_route=\/wp\/v2\/users\/1"}],"replies":[{"embeddable":true,"href":"https:\/\/anschutz.fr\/index.php?rest_route=%2Fwp%2Fv2%2Fcomments&post=8"}],"version-history":[{"count":8,"href":"https:\/\/anschutz.fr\/index.php?rest_route=\/wp\/v2\/pages\/8\/revisions"}],"predecessor-version":[{"id":62,"href":"https:\/\/anschutz.fr\/index.php?rest_route=\/wp\/v2\/pages\/8\/revisions\/62"}],"wp:attachment":[{"href":"https:\/\/anschutz.fr\/index.php?rest_route=%2Fwp%2Fv2%2Fmedia&parent=8"}],"curies":[{"name":"wp","href":"https:\/\/api.w.org\/{rel}","templated":true}]}}